{"id":287,"date":"2023-09-30T15:04:30","date_gmt":"2023-09-30T15:04:30","guid":{"rendered":"https:\/\/ipssanmiguel.co\/?page_id=287"},"modified":"2023-09-30T15:07:06","modified_gmt":"2023-09-30T15:07:06","slug":"derechos-y-deberes","status":"publish","type":"page","link":"https:\/\/ipssanmiguel.co\/index.php\/derechos-y-deberes\/","title":{"rendered":"Derechos y Deberes"},"content":{"rendered":"\t\t<div data-elementor-type=\"wp-page\" data-elementor-id=\"287\" class=\"elementor elementor-287\" data-elementor-post-type=\"page\">\n\t\t\t\t\t\t\t\t\t<section class=\"elementor-section elementor-top-section elementor-element elementor-element-6b3a6abf elementor-section-boxed elementor-section-height-default elementor-section-height-default\" data-id=\"6b3a6abf\" data-element_type=\"section\" data-settings=\"{&quot;background_background&quot;:&quot;classic&quot;}\">\n\t\t\t\t\t\t\t<div class=\"elementor-background-overlay\"><\/div>\n\t\t\t\t\t\t\t<div class=\"elementor-container elementor-column-gap-no\">\n\t\t\t\t\t<div class=\"elementor-column elementor-col-100 elementor-top-column elementor-element elementor-element-2037f62b\" data-id=\"2037f62b\" data-element_type=\"column\">\n\t\t\t<div class=\"elementor-widget-wrap elementor-element-populated\">\n\t\t\t\t\t\t\t\t<div class=\"elementor-element elementor-element-6ac75031 elementor-widget elementor-widget-heading\" data-id=\"6ac75031\" data-element_type=\"widget\" data-widget_type=\"heading.default\">\n\t\t\t\t<div class=\"elementor-widget-container\">\n\t\t\t<style>\/*! elementor - v3.16.0 - 14-09-2023 *\/\n.elementor-heading-title{padding:0;margin:0;line-height:1}.elementor-widget-heading .elementor-heading-title[class*=elementor-size-]>a{color:inherit;font-size:inherit;line-height:inherit}.elementor-widget-heading .elementor-heading-title.elementor-size-small{font-size:15px}.elementor-widget-heading .elementor-heading-title.elementor-size-medium{font-size:19px}.elementor-widget-heading .elementor-heading-title.elementor-size-large{font-size:29px}.elementor-widget-heading .elementor-heading-title.elementor-size-xl{font-size:39px}.elementor-widget-heading .elementor-heading-title.elementor-size-xxl{font-size:59px}<\/style><h2 class=\"elementor-heading-title elementor-size-default\">DERECHOS Y DEBERES<\/h2>\t\t<\/div>\n\t\t\t\t<\/div>\n\t\t\t\t\t<\/div>\n\t\t<\/div>\n\t\t\t\t\t\t\t<\/div>\n\t\t<\/section>\n\t\t\t\t<section class=\"elementor-section elementor-top-section elementor-element elementor-element-1b2e366c elementor-section-boxed elementor-section-height-default elementor-section-height-default\" data-id=\"1b2e366c\" data-element_type=\"section\">\n\t\t\t\t\t\t<div class=\"elementor-container elementor-column-gap-no\">\n\t\t\t\t\t<div class=\"elementor-column elementor-col-100 elementor-top-column elementor-element elementor-element-5be6a6a0\" data-id=\"5be6a6a0\" data-element_type=\"column\">\n\t\t\t<div class=\"elementor-widget-wrap elementor-element-populated\">\n\t\t\t\t\t\t\t\t<div class=\"elementor-element elementor-element-7e8ada08 elementor-widget elementor-widget-heading\" data-id=\"7e8ada08\" data-element_type=\"widget\" data-widget_type=\"heading.default\">\n\t\t\t\t<div class=\"elementor-widget-container\">\n\t\t\t<h2 class=\"elementor-heading-title elementor-size-default\">DERECHOS Y DEBERES DE LOS Y LAS USUARIOS DE LA IPS SAN MIGUEL SAS<\/h2>\t\t<\/div>\n\t\t\t\t<\/div>\n\t\t\t\t<div class=\"elementor-element elementor-element-25857054 elementor-widget elementor-widget-text-editor\" data-id=\"25857054\" data-element_type=\"widget\" data-widget_type=\"text-editor.default\">\n\t\t\t\t<div class=\"elementor-widget-container\">\n\t\t\t<style>\/*! elementor - v3.16.0 - 14-09-2023 *\/\n.elementor-widget-text-editor.elementor-drop-cap-view-stacked .elementor-drop-cap{background-color:#69727d;color:#fff}.elementor-widget-text-editor.elementor-drop-cap-view-framed .elementor-drop-cap{color:#69727d;border:3px solid;background-color:transparent}.elementor-widget-text-editor:not(.elementor-drop-cap-view-default) .elementor-drop-cap{margin-top:8px}.elementor-widget-text-editor:not(.elementor-drop-cap-view-default) .elementor-drop-cap-letter{width:1em;height:1em}.elementor-widget-text-editor .elementor-drop-cap{float:left;text-align:center;line-height:1;font-size:50px}.elementor-widget-text-editor .elementor-drop-cap-letter{display:inline-block}<\/style>\t\t\t\t<p>Todo usuario debe ejercer sus derechos y deberes sin restricciones por motivo de raza, sexo, edad, idioma, religi\u00f3n, ideolog\u00edas pol\u00edticas o de cualquier \u00edndole, posici\u00f3n econ\u00f3mica, condici\u00f3n social, entre otras, seg\u00fan la Resoluci\u00f3n 13437 de 1991. Por lo cual, los derechos y deberes de los pacientes de LA IPS SAN MIGUEL SAS son:<br \/>DERECHOS DEL\u00a0USUARIO (A)<\/p><p>A tener una atenci\u00f3n respetuosa y amable<br \/>En ning\u00fan caso ser\u00e1 discriminado por alguno de los colaboradores por creencias, raza o condici\u00f3n de salud<br \/>A tener una atenci\u00f3n segura y de calidad<br \/>A la cercan\u00eda de su familia y allegados<br \/>A ser informado de todo lo relativo a su atenci\u00f3n, su comprensi\u00f3n teniendo en cuenta su estado emocional y a tener copia de su informaci\u00f3n m\u00e9dica.\u00a0<br \/>A dar a conocer al m\u00e9dico tratante acerca de sus inquietudes<br \/>Presentar las peticiones, quejas, recomendaciones o felicitaciones<br \/>A expresar y a que se consideren su deseos y necesidades relacionados con el proceso de atenci\u00f3n<br \/>A solicitar una opini\u00f3n diferente sobre su estado de salud<br \/>Derecho a acceder a un servicio compuesto por profesionales id\u00f3neos.<br \/>Derecho a recibir trato justo por parte de los colaboradores de LA IPS SAN MIGUEL SAS, sin importar la diversidad de g\u00e9nero, religiosa, cultural y social.<br \/>Derecho a recibir instructivos en el autocuidado con el fin de mantener un bienestar en su condici\u00f3n.<br \/>Derecho a recibir historia cl\u00ednica y ordenes m\u00e9dicas a fin de continuar con el tratamiento adecuado de su diagn\u00f3stico. <br \/>Derecho a recibir los resultados de los procedimientos realizados en LA IPS SAN MIGUEL SAS.<\/p>\t\t\t\t\t\t<\/div>\n\t\t\t\t<\/div>\n\t\t\t\t\t<\/div>\n\t\t<\/div>\n\t\t\t\t\t\t\t<\/div>\n\t\t<\/section>\n\t\t\t\t<section class=\"elementor-section elementor-top-section elementor-element elementor-element-3ed23723 elementor-section-content-middle elementor-section-boxed elementor-section-height-default elementor-section-height-default\" data-id=\"3ed23723\" data-element_type=\"section\" data-settings=\"{&quot;background_background&quot;:&quot;classic&quot;}\">\n\t\t\t\t\t\t\t<div class=\"elementor-background-overlay\"><\/div>\n\t\t\t\t\t\t\t<div class=\"elementor-container elementor-column-gap-no\">\n\t\t\t\t\t<div class=\"elementor-column elementor-col-100 elementor-top-column elementor-element elementor-element-6f4107f\" data-id=\"6f4107f\" data-element_type=\"column\" data-settings=\"{&quot;background_background&quot;:&quot;classic&quot;}\">\n\t\t\t<div class=\"elementor-widget-wrap elementor-element-populated\">\n\t\t\t\t\t\t\t\t<div class=\"elementor-element elementor-element-1098d595 elementor-widget elementor-widget-heading\" data-id=\"1098d595\" data-element_type=\"widget\" data-widget_type=\"heading.default\">\n\t\t\t\t<div class=\"elementor-widget-container\">\n\t\t\t<h2 class=\"elementor-heading-title elementor-size-default\">DEBERES DEL USUARIO <\/h2>\t\t<\/div>\n\t\t\t\t<\/div>\n\t\t\t\t<div class=\"elementor-element elementor-element-7489115a elementor-widget elementor-widget-text-editor\" data-id=\"7489115a\" data-element_type=\"widget\" data-widget_type=\"text-editor.default\">\n\t\t\t\t<div class=\"elementor-widget-container\">\n\t\t\t\t\t\t\t<p>Suministrar informaci\u00f3n real solicitada por el instituto acerca de su estado de salud e identificaci\u00f3n personal<br \/>Velar por su estado de salud y de quienes lo rodean<br \/>Conocer y cumplir el reglamento interno de la IPS SAN MIGUEL SAS y ser responsable de la custodia de su informaci\u00f3n m\u00e9dica<br \/>Comprometerse con el estricto seguimiento del tratamiento asignado<br \/>Informar de\u00a0forma clara y oportuna lo relativo a su estado de salud y deterioro f\u00edsico.<br \/>Cuidar y hacer uso adecuado de los materiales e implementos entregados<br \/>Cuidar de las instalaciones y colaborar con el cumplimiento de las normas de IPS SAN MIGUEL SAS.<br \/>Conocer los horarios de atenci\u00f3n y requerimientos para su atenci\u00f3n<br \/>Es deber de los familiares o personas asignadas por los familiares las gestiones administrativas frente a la IPS, la EPS, el IDSN y\/o dem\u00e1s instituciones con respecto a la consecuci\u00f3n de medicamentos y suministros del usuario.<br \/>Los usuarios deben asumir la responsabilidad de las consecuencias generadas por sus propias acciones que puedan ver comprometido su estado de salud. De igual manera cuando no permitan la adecuada prestaci\u00f3n del servicio.<br \/>Los usuarios deben ser justos y respetuosos en el trato hacia los colaboradores de IPS SAN MIGUEL SAS.<br \/>Los usuarios deben hacer entrega de la historia cl\u00ednica y resultados de los laboratorios y procedimientos que hayan sido solicitados por el m\u00e9dico especialista previo a la cita programada. <br \/>Los usuarios deben conservar la historia cl\u00ednica y los resultados que hayan sido entregados en IPS SAN MIGUEL SAS.<br \/>Asistir en compa\u00f1\u00eda de un familiar o persona a cargo a las citas programadas con el m\u00e9dico tratante. <\/p>\t\t\t\t\t\t<\/div>\n\t\t\t\t<\/div>\n\t\t\t\t\t<\/div>\n\t\t<\/div>\n\t\t\t\t\t\t\t<\/div>\n\t\t<\/section>\n\t\t\t\t\t\t\t<\/div>\n\t\t","protected":false},"excerpt":{"rendered":"<p>DERECHOS Y DEBERES DERECHOS Y DEBERES DE LOS Y LAS USUARIOS DE LA IPS SAN MIGUEL SAS Todo usuario debe ejercer sus derechos y deberes sin restricciones por motivo de raza, sexo, edad, idioma, religi\u00f3n, ideolog\u00edas pol\u00edticas o de cualquier \u00edndole, posici\u00f3n econ\u00f3mica, condici\u00f3n social, entre otras, seg\u00fan la Resoluci\u00f3n 13437 de 1991. Por lo &hellip;<\/p>\n<p class=\"read-more\"> <a class=\"\" href=\"https:\/\/ipssanmiguel.co\/index.php\/derechos-y-deberes\/\"> <span class=\"screen-reader-text\">Derechos y Deberes<\/span> Leer m\u00e1s &raquo;<\/a><\/p>\n","protected":false},"author":1,"featured_media":0,"parent":0,"menu_order":0,"comment_status":"closed","ping_status":"closed","template":"elementor_header_footer","meta":{"site-sidebar-layout":"no-sidebar","site-content-layout":"","ast-site-content-layout":"full-width-container","site-content-style":"default","site-sidebar-style":"default","ast-global-header-display":"","ast-banner-title-visibility":"","ast-main-header-display":"","ast-hfb-above-header-display":"","ast-hfb-below-header-display":"","ast-hfb-mobile-header-display":"","site-post-title":"disabled","ast-breadcrumbs-content":"","ast-featured-img":"disabled","footer-sml-layout":"","theme-transparent-header-meta":"","adv-header-id-meta":"","stick-header-meta":"","header-above-stick-meta":"","header-main-stick-meta":"","header-below-stick-meta":"","astra-migrate-meta-layouts":"","footnotes":""},"class_list":["post-287","page","type-page","status-publish","hentry"],"_links":{"self":[{"href":"https:\/\/ipssanmiguel.co\/index.php\/wp-json\/wp\/v2\/pages\/287","targetHints":{"allow":["GET"]}}],"collection":[{"href":"https:\/\/ipssanmiguel.co\/index.php\/wp-json\/wp\/v2\/pages"}],"about":[{"href":"https:\/\/ipssanmiguel.co\/index.php\/wp-json\/wp\/v2\/types\/page"}],"author":[{"embeddable":true,"href":"https:\/\/ipssanmiguel.co\/index.php\/wp-json\/wp\/v2\/users\/1"}],"replies":[{"embeddable":true,"href":"https:\/\/ipssanmiguel.co\/index.php\/wp-json\/wp\/v2\/comments?post=287"}],"version-history":[{"count":7,"href":"https:\/\/ipssanmiguel.co\/index.php\/wp-json\/wp\/v2\/pages\/287\/revisions"}],"predecessor-version":[{"id":296,"href":"https:\/\/ipssanmiguel.co\/index.php\/wp-json\/wp\/v2\/pages\/287\/revisions\/296"}],"wp:attachment":[{"href":"https:\/\/ipssanmiguel.co\/index.php\/wp-json\/wp\/v2\/media?parent=287"}],"curies":[{"name":"wp","href":"https:\/\/api.w.org\/{rel}","templated":true}]}}